{"id":40,"date":"2017-05-20T14:57:44","date_gmt":"2017-05-20T12:57:44","guid":{"rendered":"http:\/\/squashrhone.com\/?page_id=40"},"modified":"2017-10-12T20:04:25","modified_gmt":"2017-10-12T18:04:25","slug":"boutique","status":"publish","type":"page","link":"https:\/\/squashrhone.com\/index.php\/boutique\/","title":{"rendered":"BOUTIQUE"},"content":{"rendered":"<p>[vc_row][vc_column][vc_column_text css=\u00a0\u00bb.vc_custom_1507831463795{padding-top: 40px !important;padding-right: 40px !important;padding-bottom: 40px !important;padding-left: 40px !important;background-color: #afdb5e !important;border-radius: 20px !important;}\u00a0\u00bb]Tous nos produits couvrent la gamme du joueur d\u00e9butant au joueur confirm\u00e9. Ceux-ci sont disponibles \u00e0 l&rsquo;accueil du TCL. Vous pouvez tester les raquettes avant de les acheter. Contactez-nous si vous recherchez un produit en particulier.[\/vc_column_text][\/vc_column][\/vc_row][vc_row full_width=\u00a0\u00bbstretch_row\u00a0\u00bb][vc_column width=\u00a0\u00bb1\/3&Prime;][vc_custom_heading text=\u00a0\u00bbRaquette ICQ 110 Pro\u00a0\u00bb font_container=\u00a0\u00bbtag:h2|text_align:left|color:%2321743d\u00a0\u00bb use_theme_fonts=\u00a0\u00bbyes\u00a0\u00bb link=\u00a0\u00bburl:http%3A%2F%2Fwww.oliver-sport.de%2Ficq-110-pro-squash-racket%2F|||\u00a0\u00bb][vc_column_text css=\u00a0\u00bb.vc_custom_1495470518053{margin-bottom: 15px !important;}\u00a0\u00bb]<\/p>\n<p align=\"justify\">Raquette de squash \u00e9quilibr\u00e9e, dynamique et tr\u00e8s bien dimensionn\u00e9e. En raison de ses \u00e9normes qualit\u00e9s de jeu, c&rsquo;est l&rsquo;une des raquettes de squash les plus populaires. Recommand\u00e9e par de nombreux joueurs et professionnels du circuit PSA.<br \/>\nPoids : 120 gr.<br \/>\nPour joueur confirm\u00e9 et professionnel.<\/p>\n<p>[\/vc_column_text][vc_single_image image=\u00a0\u00bb110&Prime; img_size=\u00a0\u00bb202&#215;600&Prime; alignment=\u00a0\u00bbcenter\u00a0\u00bb][\/vc_column][vc_column width=\u00a0\u00bb1\/3&Prime;][vc_custom_heading text=\u00a0\u00bbRaquette Fusion MP-X5 Oliver\u00a0\u00bb font_container=\u00a0\u00bbtag:h2|text_align:left|color:%2321743d\u00a0\u00bb use_theme_fonts=\u00a0\u00bbyes\u00a0\u00bb link=\u00a0\u00bburl:http%3A%2F%2Fwww.oliver-sport.de%2Ffusion-mp-x5-squash-schlaeger%2F||target:%20_blank|\u00a0\u00bb][vc_column_text css=\u00a0\u00bb.vc_custom_1495470239106{margin-bottom: 15px !important;}\u00a0\u00bb]Mod\u00e8le d&rsquo;entr\u00e9e de gamme compl\u00e8te pour le joueur de loisir. Raquette \u00e9quilibr\u00e9e en t\u00eate.<br \/>\nPoids : 155 gr. Raquette en carbone hybride.[\/vc_column_text][vc_single_image image=\u00a0\u00bb111&Prime; img_size=\u00a0\u00bb202&#215;600&Prime; alignment=\u00a0\u00bbcenter\u00a0\u00bb][\/vc_column][vc_column width=\u00a0\u00bb1\/3&Prime;][vc_custom_heading text=\u00a0\u00bbChaussures Oliver CX Pro 10&Prime; font_container=\u00a0\u00bbtag:h2|text_align:left|color:%2321743d\u00a0\u00bb use_theme_fonts=\u00a0\u00bbyes\u00a0\u00bb][vc_column_text css=\u00a0\u00bb.vc_custom_1495470634907{margin-bottom: 15px !important;}\u00a0\u00bb]<\/p>\n<p align=\"justify\">L\u00e9g\u00e8re, stable, compacte, respirant et unique dans le style. La semelle interm\u00e9diaire EVA l\u00e9g\u00e8re et l&rsquo;amortissement SAT \u00e9prouv\u00e9 offrent \u00e0 la chaussure CX Pro-10 le confort n\u00e9cessaire.<\/p>\n<p>[\/vc_column_text][vc_single_image image=\u00a0\u00bb116&Prime; img_size=\u00a0\u00bbfull\u00a0\u00bb alignment=\u00a0\u00bbcenter\u00a0\u00bb][\/vc_column][\/vc_row]<\/p>\n","protected":false},"excerpt":{"rendered":"<p>[vc_row][vc_column][vc_column_text css=\u00a0\u00bb.vc_custom_1507831463795{padding-top: 40px !important;padding-right: 40px !important;padding-bottom: 40px !important;padding-left: 40px !important;background-color: #afdb5e !important;border-radius: 20px !important;}\u00a0\u00bb]Tous nos produits couvrent la gamme du joueur d\u00e9butant au joueur confirm\u00e9. Ceux-ci sont disponibles \u00e0 l&rsquo;accueil <a class=\"more-link\" href=\"https:\/\/squashrhone.com\/index.php\/boutique\/\">Lire la suite \u2192<\/a><\/p>\n","protected":false},"author":2,"featured_media":0,"parent":0,"menu_order":0,"comment_status":"closed","ping_status":"closed","template":"","meta":{"footnotes":""},"class_list":["post-40","page","type-page","status-publish","hentry"],"_links":{"self":[{"href":"https:\/\/squashrhone.com\/index.php\/wp-json\/wp\/v2\/pages\/40","targetHints":{"allow":["GET"]}}],"collection":[{"href":"https:\/\/squashrhone.com\/index.php\/wp-json\/wp\/v2\/pages"}],"about":[{"href":"https:\/\/squashrhone.com\/index.php\/wp-json\/wp\/v2\/types\/page"}],"author":[{"embeddable":true,"href":"https:\/\/squashrhone.com\/index.php\/wp-json\/wp\/v2\/users\/2"}],"replies":[{"embeddable":true,"href":"https:\/\/squashrhone.com\/index.php\/wp-json\/wp\/v2\/comments?post=40"}],"version-history":[{"count":17,"href":"https:\/\/squashrhone.com\/index.php\/wp-json\/wp\/v2\/pages\/40\/revisions"}],"predecessor-version":[{"id":174,"href":"https:\/\/squashrhone.com\/index.php\/wp-json\/wp\/v2\/pages\/40\/revisions\/174"}],"wp:attachment":[{"href":"https:\/\/squashrhone.com\/index.php\/wp-json\/wp\/v2\/media?parent=40"}],"curies":[{"name":"wp","href":"https:\/\/api.w.org\/{rel}","templated":true}]}}