{"id":38,"date":"2017-05-20T14:57:15","date_gmt":"2017-05-20T12:57:15","guid":{"rendered":"http:\/\/squashrhone.com\/?page_id=38"},"modified":"2022-11-21T10:16:57","modified_gmt":"2022-11-21T09:16:57","slug":"acces","status":"publish","type":"page","link":"https:\/\/squashrhone.com\/index.php\/acces\/","title":{"rendered":"ACCES"},"content":{"rendered":"<p>[vc_row][vc_column][vc_gmaps link=\u00a0\u00bb#E-8_JTNDaWZyYW1lJTIwc3JjJTNEJTIyaHR0cHMlM0ElMkYlMkZ3d3cuZ29vZ2xlLmNvbSUyRm1hcHMlMkZlbWJlZCUzRnBiJTNEJTIxMW0xOCUyMTFtMTIlMjExbTMlMjExZDI3ODIuNTI3NzIxMDEwMTM5NCUyMTJkNC44NTkxMzE3MTU1ODg0NzElMjEzZDQ1Ljc4MDY1NDM3OTEwNjA2JTIxMm0zJTIxMWYwJTIxMmYwJTIxM2YwJTIxM20yJTIxMWkxMDI0JTIxMmk3NjglMjE0ZjEzLjElMjEzbTMlMjExbTIlMjExczB4NDdmNGVhOTYzN2I4ZWMzZCUyNTNBMHhhMGU0MWMzOWJjZmYzOTI4JTIxMnMzJTJCQm91bGV2YXJkJTJCZHUlMkIxMSUyQk5vdmVtYnJlJTJCMTkxOCUyNTJDJTJCNjkxMDAlMkJWaWxsZXVyYmFubmUlMjE1ZTAlMjEzbTIlMjExc2ZyJTIxMnNmciUyMTR2MTQ5NTMwMTc5MzQ3OSUyMiUyMHdpZHRoJTNEJTIyNjAwJTIyJTIwaGVpZ2h0JTNEJTIyNDUwJTIyJTIwZnJhbWVib3JkZXIlM0QlMjIwJTIyJTIwc3R5bGUlM0QlMjJib3JkZXIlM0EwJTIyJTIwYWxsb3dmdWxsc2NyZWVuJTNFJTNDJTJGaWZyYW1lJTNF\u00a0\u00bb][\/vc_column][\/vc_row][vc_row][vc_column][vc_column_text]Notre adresse : 3, bd du 11 Novembre 1918, 69100 Villeurbanne.<br \/>\nLe squash se trouve sur le site du Tennis Club de Lyon entre le parc de la T\u00eate d&rsquo;Or et le Campus de la Doua.<br \/>\nP\u00e9riph\u00e9rique \u00e0 500 m.[\/vc_column_text][\/vc_column][\/vc_row]<\/p>\n","protected":false},"excerpt":{"rendered":"<p>[vc_row][vc_column][vc_gmaps link=\u00a0\u00bb#E-8_JTNDaWZyYW1lJTIwc3JjJTNEJTIyaHR0cHMlM0ElMkYlMkZ3d3cuZ29vZ2xlLmNvbSUyRm1hcHMlMkZlbWJlZCUzRnBiJTNEJTIxMW0xOCUyMTFtMTIlMjExbTMlMjExZDI3ODIuNTI3NzIxMDEwMTM5NCUyMTJkNC44NTkxMzE3MTU1ODg0NzElMjEzZDQ1Ljc4MDY1NDM3OTEwNjA2JTIxMm0zJTIxMWYwJTIxMmYwJTIxM2YwJTIxM20yJTIxMWkxMDI0JTIxMmk3NjglMjE0ZjEzLjElMjEzbTMlMjExbTIlMjExczB4NDdmNGVhOTYzN2I4ZWMzZCUyNTNBMHhhMGU0MWMzOWJjZmYzOTI4JTIxMnMzJTJCQm91bGV2YXJkJTJCZHUlMkIxMSUyQk5vdmVtYnJlJTJCMTkxOCUyNTJDJTJCNjkxMDAlMkJWaWxsZXVyYmFubmUlMjE1ZTAlMjEzbTIlMjExc2ZyJTIxMnNmciUyMTR2MTQ5NTMwMTc5MzQ3OSUyMiUyMHdpZHRoJTNEJTIyNjAwJTIyJTIwaGVpZ2h0JTNEJTIyNDUwJTIyJTIwZnJhbWVib3JkZXIlM0QlMjIwJTIyJTIwc3R5bGUlM0QlMjJib3JkZXIlM0EwJTIyJTIwYWxsb3dmdWxsc2NyZWVuJTNFJTNDJTJGaWZyYW1lJTNF\u00a0\u00bb][\/vc_column][\/vc_row][vc_row][vc_column][vc_column_text]Notre adresse : 3, bd du 11 Novembre 1918, 69100 Villeurbanne. Le squash se trouve sur le site du Tennis Club de Lyon entre le parc de la T\u00eate <a class=\"more-link\" href=\"https:\/\/squashrhone.com\/index.php\/acces\/\">Lire la suite \u2192<\/a><\/p>\n","protected":false},"author":2,"featured_media":0,"parent":0,"menu_order":0,"comment_status":"closed","ping_status":"closed","template":"","meta":{"footnotes":""},"class_list":["post-38","page","type-page","status-publish","hentry"],"_links":{"self":[{"href":"https:\/\/squashrhone.com\/index.php\/wp-json\/wp\/v2\/pages\/38","targetHints":{"allow":["GET"]}}],"collection":[{"href":"https:\/\/squashrhone.com\/index.php\/wp-json\/wp\/v2\/pages"}],"about":[{"href":"https:\/\/squashrhone.com\/index.php\/wp-json\/wp\/v2\/types\/page"}],"author":[{"embeddable":true,"href":"https:\/\/squashrhone.com\/index.php\/wp-json\/wp\/v2\/users\/2"}],"replies":[{"embeddable":true,"href":"https:\/\/squashrhone.com\/index.php\/wp-json\/wp\/v2\/comments?post=38"}],"version-history":[{"count":6,"href":"https:\/\/squashrhone.com\/index.php\/wp-json\/wp\/v2\/pages\/38\/revisions"}],"predecessor-version":[{"id":319,"href":"https:\/\/squashrhone.com\/index.php\/wp-json\/wp\/v2\/pages\/38\/revisions\/319"}],"wp:attachment":[{"href":"https:\/\/squashrhone.com\/index.php\/wp-json\/wp\/v2\/media?parent=38"}],"curies":[{"name":"wp","href":"https:\/\/api.w.org\/{rel}","templated":true}]}}