{"id":282,"date":"2020-08-25T08:50:43","date_gmt":"2020-08-25T06:50:43","guid":{"rendered":"https:\/\/squashrhone.com\/?page_id=282"},"modified":"2020-08-25T08:53:24","modified_gmt":"2020-08-25T06:53:24","slug":"defi","status":"publish","type":"page","link":"https:\/\/squashrhone.com\/index.php\/defi\/","title":{"rendered":"DEFI"},"content":{"rendered":"\n<p><strong>L\u2019AS Squash Rhone M\u00e9tropole\u00a0<\/strong>organise un tournoi DEFI permanent\u00a0 ouvert \u00e0 tous.\u00a0<br>Pour participer rien de plus simple, suivez le lien suivant et inscrivez-vous.\u00a0<\/p>\n\n\n\n<p><a href=\"http:\/\/tournoi.squashrhone.com\/\" class=\"\">tournoi.squashrhone.com<\/a><\/p>\n\n\n\n<figure class=\"wp-block-image size-large\"><img loading=\"lazy\" decoding=\"async\" width=\"1024\" height=\"654\" src=\"https:\/\/squashrhone.com\/wp-content\/uploads\/2020\/08\/defi2020-1024x654.jpg\" alt=\"\" class=\"wp-image-281\" srcset=\"https:\/\/squashrhone.com\/wp-content\/uploads\/2020\/08\/defi2020-1024x654.jpg 1024w, https:\/\/squashrhone.com\/wp-content\/uploads\/2020\/08\/defi2020-300x191.jpg 300w, https:\/\/squashrhone.com\/wp-content\/uploads\/2020\/08\/defi2020-768x490.jpg 768w, https:\/\/squashrhone.com\/wp-content\/uploads\/2020\/08\/defi2020.jpg 1280w\" sizes=\"auto, (max-width: 1024px) 100vw, 1024px\" \/><\/figure>\n\n\n\n<p><strong><em>R\u00e8glement :<\/em><\/strong><em>&nbsp;<\/em>les joueurs s\u2019inscrivent&nbsp; par internet en indiquant leur niveau. Une fois l\u2019inscription valid\u00e9e et pay\u00e9e le juge arbitre du tournoi donne au joueur&nbsp; automatiquement son \u00ab&nbsp;ranking&nbsp;\u00bb (classement).<br>Les joueurs peuvent se d\u00e9fier entre eux dans la limite de 3 places d\u2019\u00e9cart (inf\u00e9rieures ou sup\u00e9rieures), ils conviennent d\u2019une date et jouent la partie. Le gagnant valide le r\u00e9sultat.<br>Les matchs se d\u00e9roulent au meilleur des 5 jeux (3 jeux gagnants).<br>Une finale par niveau sera organis\u00e9e en Mai 2021.<br>Une r\u00e9compense sera offerte tous les 2 mois \u00e0 la meilleure progression.<\/p>\n\n\n\n<p><strong><em>Inscription :<\/em><\/strong><\/p>\n\n\n\n<p>Licenci\u00e9s FFS : 20 euros<br>Licenci\u00e9s FFS \u00e9tudiant 12 euros<br>Non licenci\u00e9s FFS : 42 euros (+ certificat m\u00e9dical de non contre indication \u00e0 la pratique du squash en comp\u00e9tition pour la d\u00e9livrance de la licence).<br>Non licenci\u00e9s FFS \u00e9tudiant : 32 euros (+ certificat m\u00e9dical de non contre indication \u00e0 la pratique du squash en comp\u00e9tition pour la d\u00e9livrance de la licence).<\/p>\n\n\n\n<p><a class=\"\" href=\"https:\/\/squash-rhone.sumup.link\/product\/cdaa101b-84b6-440f-a4cc-409c0c585d85\">Paiement en ligne<\/a><\/p>\n","protected":false},"excerpt":{"rendered":"<p>L\u2019AS Squash Rhone M\u00e9tropole\u00a0organise un tournoi DEFI permanent\u00a0 ouvert \u00e0 tous.\u00a0Pour participer rien de plus simple, suivez le lien suivant et inscrivez-vous.\u00a0 tournoi.squashrhone.com R\u00e8glement :&nbsp;les joueurs s\u2019inscrivent&nbsp; par internet en <a class=\"more-link\" href=\"https:\/\/squashrhone.com\/index.php\/defi\/\">Lire la suite \u2192<\/a><\/p>\n","protected":false},"author":2,"featured_media":0,"parent":0,"menu_order":0,"comment_status":"closed","ping_status":"closed","template":"","meta":{"footnotes":""},"class_list":["post-282","page","type-page","status-publish","hentry"],"_links":{"self":[{"href":"https:\/\/squashrhone.com\/index.php\/wp-json\/wp\/v2\/pages\/282","targetHints":{"allow":["GET"]}}],"collection":[{"href":"https:\/\/squashrhone.com\/index.php\/wp-json\/wp\/v2\/pages"}],"about":[{"href":"https:\/\/squashrhone.com\/index.php\/wp-json\/wp\/v2\/types\/page"}],"author":[{"embeddable":true,"href":"https:\/\/squashrhone.com\/index.php\/wp-json\/wp\/v2\/users\/2"}],"replies":[{"embeddable":true,"href":"https:\/\/squashrhone.com\/index.php\/wp-json\/wp\/v2\/comments?post=282"}],"version-history":[{"count":4,"href":"https:\/\/squashrhone.com\/index.php\/wp-json\/wp\/v2\/pages\/282\/revisions"}],"predecessor-version":[{"id":287,"href":"https:\/\/squashrhone.com\/index.php\/wp-json\/wp\/v2\/pages\/282\/revisions\/287"}],"wp:attachment":[{"href":"https:\/\/squashrhone.com\/index.php\/wp-json\/wp\/v2\/media?parent=282"}],"curies":[{"name":"wp","href":"https:\/\/api.w.org\/{rel}","templated":true}]}}